{"id":24724,"date":"2025-06-24T15:02:01","date_gmt":"2025-06-24T20:02:01","guid":{"rendered":"https:\/\/impossiblecode.ai\/?page_id=24724"},"modified":"2025-06-24T15:02:01","modified_gmt":"2025-06-24T20:02:01","slug":"privacy","status":"publish","type":"page","link":"https:\/\/impossiblecode.ai\/es\/privacy\/","title":{"rendered":"Pol\u00edtica de privacidad"},"content":{"rendered":"<section class=\"l-section wpb_row height_huge full_height valign_center color_primary\" id=\"talk\"><div class=\"l-section-h i-cf\"><div class=\"g-cols vc_row via_grid cols_1 laptops-cols_inherit tablets-cols_inherit mobiles-cols_1 valign_top type_default stacking_default\"><div class=\"wpb_column vc_column_container\"><div class=\"vc_column-inner\"><div class=\"w-separator size_medium\"><\/div><div class=\"wpb_text_column us_custom_a5fa5270\"><div class=\"wpb_wrapper\"><p style=\"text-align: center;\"><span style=\"color: #d74388;\">POL\u00cdTICA DE PRIVACIDAD<\/span><\/p>\n<\/div><\/div><div class=\"w-separator size_medium\"><\/div><div class=\"wpb_text_column us_custom_2b2770a4 has_text_color\"><div class=\"wpb_wrapper\"><p>En Impossible Code, nos importa tu privacidad.<\/p>\n<p>Cuando completas nuestros formularios, podemos recopilar: tu nombre, tu correo electr\u00f3nico, tu n\u00famero de tel\u00e9fono, tu empresa y cargo.<\/p>\n<p>Usamos esta informaci\u00f3n \u00fanicamente para: ponernos en contacto contigo, compartir informaci\u00f3n sobre nuestros servicios, enviarte cotizaciones o agendar una consultor\u00eda. Nunca vendemos ni compartimos tu informaci\u00f3n con terceros sin tu consentimiento.<\/p>\n<p>Puedes solicitarnos en cualquier momento que actualicemos o eliminemos tu informaci\u00f3n. Solo tienes que escribirnos a: hola@impossiblecode.ai<\/p>\n<\/div><\/div><\/div><\/div><\/div><\/div><\/section><!-- Row Backgrounds --><div class=\"upb_color\" data-bg-override=\"0\" data-bg-color=\"#000909\" data-fadeout=\"\" data-fadeout-percentage=\"30\" data-parallax-content=\"\" data-parallax-content-sense=\"30\" data-row-effect-mobile-disable=\"true\" data-img-parallax-mobile-disable=\"true\" data-rtl=\"false\"  data-custom-vc-row=\"\"  data-vc=\"8.5\"  data-is_old_vc=\"\"  data-theme-support=\"\"   data-overlay=\"false\" data-overlay-color=\"\" data-overlay-pattern=\"\" data-overlay-pattern-opacity=\"\" data-overlay-pattern-size=\"\"    ><\/div>\n","protected":false},"excerpt":{"rendered":"POL\u00cdTICA DE PRIVACIDAD En Impossible Code, nos importa tu privacidad. Cuando completas nuestros formularios, podemos recopilar: tu nombre, tu correo electr\u00f3nico, tu n\u00famero de tel\u00e9fono, tu empresa y cargo. Usamos esta informaci\u00f3n \u00fanicamente para: ponernos en contacto contigo, compartir informaci\u00f3n sobre nuestros servicios, enviarte cotizaciones o agendar una consultor\u00eda. Nunca vendemos ni compartimos tu informaci\u00f3n...","protected":false},"author":2,"featured_media":24280,"parent":0,"menu_order":0,"comment_status":"closed","ping_status":"closed","template":"","meta":{"_acf_changed":false,"_monsterinsights_skip_tracking":false,"_monsterinsights_sitenote_active":false,"_monsterinsights_sitenote_note":"","_monsterinsights_sitenote_category":0,"footnotes":""},"class_list":["post-24724","page","type-page","status-publish","has-post-thumbnail","hentry"],"acf":[],"jetpack_shortlink":"https:\/\/wp.me\/Pe9UML-6qM","_links":{"self":[{"href":"https:\/\/impossiblecode.ai\/es\/wp-json\/wp\/v2\/pages\/24724","targetHints":{"allow":["GET"]}}],"collection":[{"href":"https:\/\/impossiblecode.ai\/es\/wp-json\/wp\/v2\/pages"}],"about":[{"href":"https:\/\/impossiblecode.ai\/es\/wp-json\/wp\/v2\/types\/page"}],"author":[{"embeddable":true,"href":"https:\/\/impossiblecode.ai\/es\/wp-json\/wp\/v2\/users\/2"}],"replies":[{"embeddable":true,"href":"https:\/\/impossiblecode.ai\/es\/wp-json\/wp\/v2\/comments?post=24724"}],"version-history":[{"count":2,"href":"https:\/\/impossiblecode.ai\/es\/wp-json\/wp\/v2\/pages\/24724\/revisions"}],"predecessor-version":[{"id":24726,"href":"https:\/\/impossiblecode.ai\/es\/wp-json\/wp\/v2\/pages\/24724\/revisions\/24726"}],"wp:featuredmedia":[{"embeddable":true,"href":"https:\/\/impossiblecode.ai\/es\/wp-json\/wp\/v2\/media\/24280"}],"wp:attachment":[{"href":"https:\/\/impossiblecode.ai\/es\/wp-json\/wp\/v2\/media?parent=24724"}],"curies":[{"name":"wp","href":"https:\/\/api.w.org\/{rel}","templated":true}]}}